{"id":9,"date":"2026-01-01T17:05:22","date_gmt":"2026-01-01T17:05:22","guid":{"rendered":"https:\/\/dottorevalsessera.it\/?page_id=9"},"modified":"2026-01-01T18:33:44","modified_gmt":"2026-01-01T17:33:44","slug":"orari-di-ambulatorio","status":"publish","type":"page","link":"https:\/\/dottorevalsessera.it\/index.php\/orari-di-ambulatorio\/","title":{"rendered":"Orari di Ambulatorio"},"content":{"rendered":"\n<h3 class=\"wp-block-heading has-primary-color has-text-color has-link-color wp-elements-7ac803238436203dfc1a2aed55ab9bdb\">Luned\u00ec<\/h3>\n\n\n\n<p class=\"has-contrast-color has-text-color has-link-color wp-elements-ab84901b7b14090728ab2842f3f6e5a1\" style=\"line-height:0.5\">CREVACUORE               10 &#8211; 13<\/p>\n\n\n\n<p class=\"has-contrast-color has-text-color has-link-color wp-elements-bc44f4e40aed024ce8763d95c68203a9\" style=\"line-height:0.5\">COGGIOLA                   17 &#8211; 19                 (su appuntamento)<\/p>\n\n\n\n<h3 class=\"wp-block-heading has-primary-color has-text-color has-link-color wp-elements-c521ef9d498487b2daf7046020d50287\">Marted\u00ec<\/h3>\n\n\n\n<p class=\"has-contrast-color has-text-color has-link-color wp-elements-d8f7442f640a55ae304da1cd7db8a5e8\" style=\"line-height:0.5\">POSTUA                        11 &#8211; 12<\/p>\n\n\n\n<p class=\"has-contrast-color has-text-color has-link-color wp-elements-4811f433da3770723879d70a6645fca9\" style=\"line-height:0.5\">CREVACUORE               14 &#8211; 16                 (su appuntamento)<\/p>\n\n\n\n<h3 class=\"wp-block-heading has-primary-color has-text-color has-link-color wp-elements-d88c168ac8e67225ebdd4a636ab19ecd\">Mercoled\u00ec<\/h3>\n\n\n\n<p class=\"has-contrast-color has-text-color has-link-color wp-elements-35f66c4e1a648dfbaca75bc28af6cc9a\" style=\"line-height:0.5\">GUARDABOSONE         11 &#8211; 12<\/p>\n\n\n\n<p class=\"has-contrast-color has-text-color has-link-color wp-elements-d9c150d7692f235067474ab544062783\" style=\"line-height:0.5\">COGGIOLA                    14 &#8211; 16                 (su appuntamento)<\/p>\n\n\n\n<h3 class=\"wp-block-heading has-primary-color has-text-color has-link-color wp-elements-718aa4e8b22df6c21c525c6521dc77c7\">Gioved\u00ec<\/h3>\n\n\n\n<p class=\"has-contrast-color has-text-color has-link-color wp-elements-ab84901b7b14090728ab2842f3f6e5a1\" style=\"line-height:0.5\">CREVACUORE               10 &#8211; 13<\/p>\n\n\n\n<h3 class=\"wp-block-heading has-primary-color has-text-color has-link-color wp-elements-ba2a87c55c8039d633a13c0645869615\">Venerd\u00ec<\/h3>\n\n\n\n<p style=\"line-height:0.5\">CREVACUORE               10 &#8211; 13<\/p>\n\n\n\n<p><\/p>\n","protected":false},"excerpt":{"rendered":"<p>Luned\u00ec CREVACUORE 10 &#8211; 13 COGGIOLA 17 &#8211; 19 (su appuntamento) Marted\u00ec POSTUA 11 &#8211; 12 CREVACUORE 14 &#8211; 16 (su appuntamento) Mercoled\u00ec GUARDABOSONE 11 &#8211; 12 COGGIOLA 14 &#8211; 16 (su appuntamento) Gioved\u00ec CREVACUORE 10 &#8211; 13 Venerd\u00ec CREVACUORE 10 &#8211; 13<\/p>\n","protected":false},"author":1,"featured_media":0,"parent":0,"menu_order":0,"comment_status":"closed","ping_status":"closed","template":"","meta":{"footnotes":""},"class_list":["post-9","page","type-page","status-publish","hentry"],"_links":{"self":[{"href":"https:\/\/dottorevalsessera.it\/index.php\/wp-json\/wp\/v2\/pages\/9","targetHints":{"allow":["GET"]}}],"collection":[{"href":"https:\/\/dottorevalsessera.it\/index.php\/wp-json\/wp\/v2\/pages"}],"about":[{"href":"https:\/\/dottorevalsessera.it\/index.php\/wp-json\/wp\/v2\/types\/page"}],"author":[{"embeddable":true,"href":"https:\/\/dottorevalsessera.it\/index.php\/wp-json\/wp\/v2\/users\/1"}],"replies":[{"embeddable":true,"href":"https:\/\/dottorevalsessera.it\/index.php\/wp-json\/wp\/v2\/comments?post=9"}],"version-history":[{"count":4,"href":"https:\/\/dottorevalsessera.it\/index.php\/wp-json\/wp\/v2\/pages\/9\/revisions"}],"predecessor-version":[{"id":19,"href":"https:\/\/dottorevalsessera.it\/index.php\/wp-json\/wp\/v2\/pages\/9\/revisions\/19"}],"wp:attachment":[{"href":"https:\/\/dottorevalsessera.it\/index.php\/wp-json\/wp\/v2\/media?parent=9"}],"curies":[{"name":"wp","href":"https:\/\/api.w.org\/{rel}","templated":true}]}}