{"id":12,"date":"2026-01-01T18:14:07","date_gmt":"2026-01-01T17:14:07","guid":{"rendered":"https:\/\/dottorevalsessera.it\/?page_id=12"},"modified":"2026-01-01T19:27:27","modified_gmt":"2026-01-01T18:27:27","slug":"contatti","status":"publish","type":"page","link":"https:\/\/dottorevalsessera.it\/index.php\/contatti\/","title":{"rendered":"Contatti"},"content":{"rendered":"\n<h3 class=\"wp-block-heading has-primary-color has-text-color has-link-color wp-elements-5347cc68d65799559cfea48987a6c9d9\">e-Mail (preferito)<\/h3>\n\n\n\n<p><strong>brancolini@dottorevalsessera.it<\/strong><\/p>\n\n\n\n<h3 class=\"wp-block-heading has-primary-color has-text-color has-link-color wp-elements-15c96a59e6a6133734070fe9da03505c\">Telefono<\/h3>\n\n\n\n<p><strong>+39 333 99 57 393<\/strong><\/p>\n\n\n\n<p>Mi impegno a rispondere al telefono dalle 10 alle 19, dal luned\u00ec al venerd\u00ec (salvo festivi o prefestivi). Succeder\u00e0 certamente che mi troverete affaccendato, perci\u00f2 vi prego di pazientare.<br>Al di fuori di questi orari, \u00e8 disponibile il servizio di Continuit\u00e0 Assistenziale dell&#8217;ASL VC (che voi chiamate abitualmente &#8220;Guardia Medica&#8221;).<\/p>\n\n\n\n<h3 class=\"wp-block-heading has-primary-color has-text-color has-link-color wp-elements-b2dcbaee9968b760ac26f9adc646d04f\">Ricordate sempre che:<\/h3>\n\n\n\n<p><strong>in caso di urgenza o emergenza medica <\/strong>(cio\u00e8 situazioni che comportano un rischio potenziale o immediato di vita)<strong> non dovete interpellare me, ma <mark style=\"background-color:rgba(0, 0, 0, 0);color:#cf2e2e\" class=\"has-inline-color\">chiamare il 112<\/mark><\/strong> <strong>o raggiungere il pi\u00f9 vicino Pronto Soccorso.<\/strong><\/p>\n\n\n\n<p>Il mio ruolo e le mie competenze sono rivolte alla gestione della salute quotidiana e degli stati di malattia acuta o cronica che non richiedono ospedalizzazione.<br>Non si tratta del capriccio di non essere disturbato o di una scarsa motivazione ad adempiere alla mia missione di medico: \u00e8 che proprio non possiedo le competenze e le strumentazioni necessarie ad aiutarvi.<\/p>\n","protected":false},"excerpt":{"rendered":"<p>e-Mail (preferito) brancolini@dottorevalsessera.it Telefono +39 333 99 57 393 Mi impegno a rispondere al telefono dalle 10 alle 19, dal luned\u00ec al venerd\u00ec (salvo festivi o prefestivi). Succeder\u00e0 certamente che mi troverete affaccendato, perci\u00f2 vi prego di pazientare.Al di fuori di questi orari, \u00e8 disponibile il servizio di Continuit\u00e0 Assistenziale dell&#8217;ASL VC (che voi chiamate [&hellip;]<\/p>\n","protected":false},"author":1,"featured_media":0,"parent":0,"menu_order":0,"comment_status":"closed","ping_status":"closed","template":"","meta":{"footnotes":""},"class_list":["post-12","page","type-page","status-publish","hentry"],"_links":{"self":[{"href":"https:\/\/dottorevalsessera.it\/index.php\/wp-json\/wp\/v2\/pages\/12","targetHints":{"allow":["GET"]}}],"collection":[{"href":"https:\/\/dottorevalsessera.it\/index.php\/wp-json\/wp\/v2\/pages"}],"about":[{"href":"https:\/\/dottorevalsessera.it\/index.php\/wp-json\/wp\/v2\/types\/page"}],"author":[{"embeddable":true,"href":"https:\/\/dottorevalsessera.it\/index.php\/wp-json\/wp\/v2\/users\/1"}],"replies":[{"embeddable":true,"href":"https:\/\/dottorevalsessera.it\/index.php\/wp-json\/wp\/v2\/comments?post=12"}],"version-history":[{"count":5,"href":"https:\/\/dottorevalsessera.it\/index.php\/wp-json\/wp\/v2\/pages\/12\/revisions"}],"predecessor-version":[{"id":30,"href":"https:\/\/dottorevalsessera.it\/index.php\/wp-json\/wp\/v2\/pages\/12\/revisions\/30"}],"wp:attachment":[{"href":"https:\/\/dottorevalsessera.it\/index.php\/wp-json\/wp\/v2\/media?parent=12"}],"curies":[{"name":"wp","href":"https:\/\/api.w.org\/{rel}","templated":true}]}}